{"id":2164,"date":"2020-09-01T09:01:53","date_gmt":"2020-09-01T09:01:53","guid":{"rendered":"https:\/\/www.mitc-consulting.com\/datenschutzerklarung\/"},"modified":"2024-03-19T09:13:02","modified_gmt":"2024-03-19T09:13:02","slug":"datenschutzerklarung","status":"publish","type":"page","link":"https:\/\/mitc-consulting.com\/de\/datenschutzerklarung\/","title":{"rendered":"Datenschutzerkl\u00e4rung"},"content":{"rendered":"\t\t<div data-elementor-type=\"wp-page\" data-elementor-id=\"2164\" class=\"elementor elementor-2164 elementor-826\" data-elementor-post-type=\"page\">\n\t\t\t\t\t\t<section class=\"elementor-section elementor-top-section elementor-element elementor-element-8c78184 elementor-section-boxed elementor-section-height-default elementor-section-height-default\" data-id=\"8c78184\" data-element_type=\"section\">\n\t\t\t\t\t\t<div class=\"elementor-container elementor-column-gap-default\">\n\t\t\t\t\t<div class=\"elementor-column elementor-col-100 elementor-top-column elementor-element elementor-element-2352416\" data-id=\"2352416\" data-element_type=\"column\">\n\t\t\t<div class=\"elementor-widget-wrap elementor-element-populated\">\n\t\t\t\t\t\t<div class=\"elementor-element elementor-element-9e7ca06 elementor-widget elementor-widget-heading\" data-id=\"9e7ca06\" data-element_type=\"widget\" data-widget_type=\"heading.default\">\n\t\t\t\t<div class=\"elementor-widget-container\">\n\t\t\t<h1 class=\"elementor-heading-title elementor-size-default\">Datenschutzerkl\u00e4rung<\/h1>\t\t<\/div>\n\t\t\t\t<\/div>\n\t\t\t\t<div class=\"elementor-element elementor-element-4c80dc9 elementor-widget-divider--view-line elementor-widget elementor-widget-divider\" data-id=\"4c80dc9\" data-element_type=\"widget\" data-widget_type=\"divider.default\">\n\t\t\t\t<div class=\"elementor-widget-container\">\n\t\t\t\t\t<div class=\"elementor-divider\">\n\t\t\t<span class=\"elementor-divider-separator\">\n\t\t\t\t\t\t<\/span>\n\t\t<\/div>\n\t\t\t\t<\/div>\n\t\t\t\t<\/div>\n\t\t\t\t<div class=\"elementor-element elementor-element-7e07f20 elementor-widget elementor-widget-text-editor\" data-id=\"7e07f20\" data-element_type=\"widget\" data-widget_type=\"text-editor.default\">\n\t\t\t\t<div class=\"elementor-widget-container\">\n\t\t\t\t\t\t\t<p class=\"p1\">In \u00dcbereinstimmung mit dem Schweizer Neues Datenschutzgesetz (revDSG) und der Allgemeinen Datenschutzverordnung (DSGVO) der EU verpflichtet sich MITC, sicherzustellen, dass alle Aktivit\u00e4ten der Datenerfassung gesichert sind, um einen Missbrauch Ihrer personenbezogenen Daten zu verhindern.<\/p>\t\t\t\t\t\t<\/div>\n\t\t\t\t<\/div>\n\t\t\t\t<div class=\"elementor-element elementor-element-71d79b0 elementor-widget elementor-widget-heading\" data-id=\"71d79b0\" data-element_type=\"widget\" data-widget_type=\"heading.default\">\n\t\t\t\t<div class=\"elementor-widget-container\">\n\t\t\t<h2 class=\"elementor-heading-title elementor-size-default\">\u00c4nderungen des Datenschutz\n<\/h2>\t\t<\/div>\n\t\t\t\t<\/div>\n\t\t\t\t<div class=\"elementor-element elementor-element-2121c1d elementor-widget elementor-widget-heading\" data-id=\"2121c1d\" data-element_type=\"widget\" data-widget_type=\"heading.default\">\n\t\t\t\t<div class=\"elementor-widget-container\">\n\t\t\t<h3 class=\"elementor-heading-title elementor-size-default\">Definition von Daten\n<\/h3>\t\t<\/div>\n\t\t\t\t<\/div>\n\t\t\t\t<div class=\"elementor-element elementor-element-b6e5c3f elementor-widget elementor-widget-text-editor\" data-id=\"b6e5c3f\" data-element_type=\"widget\" data-widget_type=\"text-editor.default\">\n\t\t\t\t<div class=\"elementor-widget-container\">\n\t\t\t\t\t\t\t<p class=\"p1\">Personenbezogene Daten: Alle Informationen \u00fcber eine identifizierte oder identifizierbare nat\u00fcrliche Person, einschlie\u00dflich Name, Geburtsdatum, E-Mail-Adresse, Postanschrift oder Telefonnummer, die zur Identifizierung einer Person verwendet werden k\u00f6nnen.<\/p>\n\t\t\t\t\t\t<\/div>\n\t\t\t\t<\/div>\n\t\t\t\t<div class=\"elementor-element elementor-element-7324fa8 elementor-widget elementor-widget-heading\" data-id=\"7324fa8\" data-element_type=\"widget\" data-widget_type=\"heading.default\">\n\t\t\t\t<div class=\"elementor-widget-container\">\n\t\t\t<h3 class=\"elementor-heading-title elementor-size-default\">Wozu wir Ihre Daten verwenden\n<\/h3>\t\t<\/div>\n\t\t\t\t<\/div>\n\t\t\t\t<div class=\"elementor-element elementor-element-734c131 elementor-widget elementor-widget-text-editor\" data-id=\"734c131\" data-element_type=\"widget\" data-widget_type=\"text-editor.default\">\n\t\t\t\t<div class=\"elementor-widget-container\">\n\t\t\t\t\t\t\t<p class=\"p1\">Ihre pers\u00f6nlichen Daten werden immer in \u00dcbereinstimmung mit den Zwecken verwendet werden, f\u00fcr die sie urspr\u00fcnglich erhoben wurden. Daten k\u00f6nnen innerhalb rechtlicher Vorgaben im Rahmen von Aktivit\u00e4ten wie der Bereitstellung von Diensten, der Datenverwaltung oder dem technischen Support verarbeitet werden.<\/p>\n\t\t\t\t\t\t<\/div>\n\t\t\t\t<\/div>\n\t\t\t\t<div class=\"elementor-element elementor-element-49dea54 elementor-widget elementor-widget-heading\" data-id=\"49dea54\" data-element_type=\"widget\" data-widget_type=\"heading.default\">\n\t\t\t\t<div class=\"elementor-widget-container\">\n\t\t\t<h3 class=\"elementor-heading-title elementor-size-default\">Sicherheit und Vertraulichkeit\n<\/h3>\t\t<\/div>\n\t\t\t\t<\/div>\n\t\t\t\t<div class=\"elementor-element elementor-element-24c0704 elementor-widget elementor-widget-text-editor\" data-id=\"24c0704\" data-element_type=\"widget\" data-widget_type=\"text-editor.default\">\n\t\t\t\t<div class=\"elementor-widget-container\">\n\t\t\t\t\t\t\t<p class=\"p1\">Um die Sicherheit und Vertraulichkeit der online erhobenen und personenbezogenen Daten zu gew\u00e4hrleisten, verwenden wir gesch\u00fctzte und gesicherte Datennetze, Firewalls und Passw\u00f6rter sowie andere Sicherheitsmassnahmen, die den Industriestandards entsprechen. Bei der Verarbeitung Ihrer personenbezogenen Daten ergreifen wir geeignete Ma\u00dfnahmen, um diese Informationen vor Verlust, Missbrauch, unbefugtem Zugriff, Offenlegung, \u00c4nderung und L\u00f6schung zu sch\u00fctzen.<\/p>\n\t\t\t\t\t\t<\/div>\n\t\t\t\t<\/div>\n\t\t\t\t<div class=\"elementor-element elementor-element-99472f5 elementor-widget elementor-widget-heading\" data-id=\"99472f5\" data-element_type=\"widget\" data-widget_type=\"heading.default\">\n\t\t\t\t<div class=\"elementor-widget-container\">\n\t\t\t<h3 class=\"elementor-heading-title elementor-size-default\">Zugang zu Ihren pers\u00f6nlichen Daten\n<\/h3>\t\t<\/div>\n\t\t\t\t<\/div>\n\t\t\t\t<div class=\"elementor-element elementor-element-8ce2a75 elementor-widget elementor-widget-text-editor\" data-id=\"8ce2a75\" data-element_type=\"widget\" data-widget_type=\"text-editor.default\">\n\t\t\t\t<div class=\"elementor-widget-container\">\n\t\t\t\t\t\t\t<p class=\"p1\">In \u00dcbereinstimmung mit der revDSG&nbsp;und der DSGVO-Gesetzgebung der Europ\u00e4ischen Union behalten Sie sich das Recht vor, jederzeit auf alle Informationen zuzugreifen, die MITC \u00fcber Sie gespeichert hat. Sie haben ebenso das Recht darauf, die Daten zu \u00e4ndern oder \u00e4ndern zu lassen. Sie k\u00f6nnen ebenfalls jederzeit einen Auszug Ihrer Informationen verlangen, die wir von Ihnen speichern. Senden Sie eine Email mit einer Kopie eines offiziellen Dokuments, welche Ihre Identit\u00e4t nachweist an: contact@mitc-consulting.com.<\/p>\t\t\t\t\t\t<\/div>\n\t\t\t\t<\/div>\n\t\t\t\t<div class=\"elementor-element elementor-element-130c732 elementor-widget elementor-widget-heading\" data-id=\"130c732\" data-element_type=\"widget\" data-widget_type=\"heading.default\">\n\t\t\t\t<div class=\"elementor-widget-container\">\n\t\t\t<h3 class=\"elementor-heading-title elementor-size-default\">Geheimhaltung Ihrer pers\u00f6nlichen Daten\n<\/h3>\t\t<\/div>\n\t\t\t\t<\/div>\n\t\t\t\t<div class=\"elementor-element elementor-element-ae0bf5a elementor-widget elementor-widget-text-editor\" data-id=\"ae0bf5a\" data-element_type=\"widget\" data-widget_type=\"text-editor.default\">\n\t\t\t\t<div class=\"elementor-widget-container\">\n\t\t\t\t\t\t\t<p class=\"p1\">Ihre pers\u00f6nlichen Daten werden nicht an Dritte verkauft, noch weitergegeben, ausgenommen in den unten beschriebenen F\u00e4llen.<\/p>\n<p class=\"p1\">Dritte, die aus technischen Gr\u00fcnden Zugriff auf Ihre Daten haben, d\u00fcrfen Ihre personenbezogenen Daten vertraglich nur f\u00fcr die vereinbarten Zwecke verwenden. Sie d\u00fcrfen Ihre Daten nicht an Dritte verkaufen oder an Dritte weitergeben, es sei denn, dies ist gesetzlich vorgeschrieben.<\/p>\n<p class=\"p1\">Wir verarbeiten Ihre personenbezogenen Daten unter strikter Einhaltung des Verfahrens, die in dieser Richtlinie beschriebenen werden. Wir behalten uns jedoch das Recht vor, das Vorgehen an gesetzliche Vorgaben anzupassen.<\/p>\n\t\t\t\t\t\t<\/div>\n\t\t\t\t<\/div>\n\t\t\t\t<div class=\"elementor-element elementor-element-fef9bd1 elementor-widget elementor-widget-heading\" data-id=\"fef9bd1\" data-element_type=\"widget\" data-widget_type=\"heading.default\">\n\t\t\t\t<div class=\"elementor-widget-container\">\n\t\t\t<h3 class=\"elementor-heading-title elementor-size-default\">\u00c4nderungen des Datenschutz\n<\/h3>\t\t<\/div>\n\t\t\t\t<\/div>\n\t\t\t\t<div class=\"elementor-element elementor-element-826d957 elementor-widget elementor-widget-text-editor\" data-id=\"826d957\" data-element_type=\"widget\" data-widget_type=\"text-editor.default\">\n\t\t\t\t<div class=\"elementor-widget-container\">\n\t\t\t\t\t\t\t<p class=\"p1\">\u00c4nderungen der Datenschutzbestimmungen werden auf unserer Webseite zusammen mit weiteren Informationen zu den wesentlichen \u00c4nderungen ver\u00f6ffentlicht. MITC beh\u00e4lt sich das Recht vor, diese Datenschutzbestimmungen und alle spezifischen Klauseln jederzeit und ohne vorherige Ank\u00fcndigung zu aktualisieren oder zu \u00e4ndern. Die \u00c4nderungen gelten f\u00fcr personenbezogene Daten, die wir nach Ver\u00f6ffentlichung einer Aktualisierung unserer Datenschutzrichtlinie erheben.<\/p>\n\t\t\t\t\t\t<\/div>\n\t\t\t\t<\/div>\n\t\t\t\t<div class=\"elementor-element elementor-element-10a486f elementor-widget elementor-widget-heading\" data-id=\"10a486f\" data-element_type=\"widget\" data-widget_type=\"heading.default\">\n\t\t\t\t<div class=\"elementor-widget-container\">\n\t\t\t<h2 class=\"elementor-heading-title elementor-size-default\">COOKIE POLICY<\/h2>\t\t<\/div>\n\t\t\t\t<\/div>\n\t\t\t\t<div class=\"elementor-element elementor-element-2ce4bf7 elementor-widget elementor-widget-text-editor\" data-id=\"2ce4bf7\" data-element_type=\"widget\" data-widget_type=\"text-editor.default\">\n\t\t\t\t<div class=\"elementor-widget-container\">\n\t\t\t\t\t\t\t<p>Bitte klicken Sie <a href=\"https:\/\/www.mitc-consulting.com\/de\/cookie-policy\/\">hier<\/a> um unsere Cookie Policy zu lesen.<\/p>\n\t\t\t\t\t\t<\/div>\n\t\t\t\t<\/div>\n\t\t\t\t<div class=\"elementor-element elementor-element-d10db49 elementor-widget elementor-widget-text-editor\" data-id=\"d10db49\" data-element_type=\"widget\" data-widget_type=\"text-editor.default\">\n\t\t\t\t<div class=\"elementor-widget-container\">\n\t\t\t\t\t\t\t<p class=\"p1\">Datum: 15\/07\/2020<\/p>\n\t\t\t\t\t\t<\/div>\n\t\t\t\t<\/div>\n\t\t\t\t\t<\/div>\n\t\t<\/div>\n\t\t\t\t\t<\/div>\n\t\t<\/section>\n\t\t\t\t<\/div>\n\t\t","protected":false},"excerpt":{"rendered":"<p>Datenschutzerkl\u00e4rung In \u00dcbereinstimmung mit dem Schweizer Neues Datenschutzgesetz (revDSG) und der Allgemeinen Datenschutzverordnung (DSGVO) der EU verpflichtet sich MITC, sicherzustellen, dass alle Aktivit\u00e4ten der Datenerfassung gesichert sind, um einen Missbrauch Ihrer personenbezogenen Daten zu verhindern. \u00c4nderungen des Datenschutz Definition von Daten Personenbezogene Daten: Alle Informationen \u00fcber eine identifizierte oder identifizierbare nat\u00fcrliche Person, einschlie\u00dflich Name, Geburtsdatum, [&hellip;]<\/p>\n","protected":false},"author":8,"featured_media":0,"parent":0,"menu_order":0,"comment_status":"closed","ping_status":"closed","template":"","meta":{"footnotes":""},"class_list":["post-2164","page","type-page","status-publish","hentry"],"yoast_head":"<!-- This site is optimized with the Yoast SEO plugin v23.7 - https:\/\/yoast.com\/wordpress\/plugins\/seo\/ -->\n<title>Datenschutzbestimmung | MITC<\/title>\n<meta name=\"description\" content=\"MITC&#039;s Datenschutzbestimmung Der Gebrauch und Schutz Ihrer Daten.\" \/>\n<meta name=\"robots\" content=\"index, follow, max-snippet:-1, max-image-preview:large, max-video-preview:-1\" \/>\n<link rel=\"canonical\" href=\"https:\/\/mitc-consulting.com\/de\/datenschutzerklarung\/\" \/>\n<meta property=\"og:locale\" content=\"de_DE\" \/>\n<meta property=\"og:type\" content=\"article\" \/>\n<meta property=\"og:title\" content=\"Datenschutzbestimmung | MITC\" \/>\n<meta property=\"og:description\" content=\"MITC&#039;s Datenschutzbestimmung Der Gebrauch und Schutz Ihrer Daten.\" \/>\n<meta property=\"og:url\" content=\"https:\/\/mitc-consulting.com\/de\/datenschutzerklarung\/\" \/>\n<meta property=\"og:site_name\" content=\"MITC Consulting\" \/>\n<meta property=\"article:modified_time\" content=\"2024-03-19T09:13:02+00:00\" \/>\n<meta name=\"twitter:card\" content=\"summary_large_image\" \/>\n<meta name=\"twitter:label1\" content=\"Gesch\u00e4tzte Lesezeit\" \/>\n\t<meta name=\"twitter:data1\" content=\"3\u00a0Minuten\" \/>\n<script type=\"application\/ld+json\" class=\"yoast-schema-graph\">{\"@context\":\"https:\/\/schema.org\",\"@graph\":[{\"@type\":\"WebPage\",\"@id\":\"https:\/\/mitc-consulting.com\/de\/datenschutzerklarung\/\",\"url\":\"https:\/\/mitc-consulting.com\/de\/datenschutzerklarung\/\",\"name\":\"Datenschutzbestimmung | MITC\",\"isPartOf\":{\"@id\":\"https:\/\/mitc-consulting.com\/de\/#website\"},\"datePublished\":\"2020-09-01T09:01:53+00:00\",\"dateModified\":\"2024-03-19T09:13:02+00:00\",\"description\":\"MITC's Datenschutzbestimmung Der Gebrauch und Schutz Ihrer Daten.\",\"breadcrumb\":{\"@id\":\"https:\/\/mitc-consulting.com\/de\/datenschutzerklarung\/#breadcrumb\"},\"inLanguage\":\"de\",\"potentialAction\":[{\"@type\":\"ReadAction\",\"target\":[\"https:\/\/mitc-consulting.com\/de\/datenschutzerklarung\/\"]}]},{\"@type\":\"BreadcrumbList\",\"@id\":\"https:\/\/mitc-consulting.com\/de\/datenschutzerklarung\/#breadcrumb\",\"itemListElement\":[{\"@type\":\"ListItem\",\"position\":1,\"name\":\"Home\",\"item\":\"https:\/\/mitc-consulting.com\/de\/\"},{\"@type\":\"ListItem\",\"position\":2,\"name\":\"Datenschutzerkl\u00e4rung\"}]},{\"@type\":\"WebSite\",\"@id\":\"https:\/\/mitc-consulting.com\/de\/#website\",\"url\":\"https:\/\/mitc-consulting.com\/de\/\",\"name\":\"MITC Consulting\",\"description\":\"Votre Soci\u00e9t\u00e9 de Portage Salarial en Suisse\",\"publisher\":{\"@id\":\"https:\/\/mitc-consulting.com\/de\/#organization\"},\"potentialAction\":[{\"@type\":\"SearchAction\",\"target\":{\"@type\":\"EntryPoint\",\"urlTemplate\":\"https:\/\/mitc-consulting.com\/de\/?s={search_term_string}\"},\"query-input\":{\"@type\":\"PropertyValueSpecification\",\"valueRequired\":true,\"valueName\":\"search_term_string\"}}],\"inLanguage\":\"de\"},{\"@type\":\"Organization\",\"@id\":\"https:\/\/mitc-consulting.com\/de\/#organization\",\"name\":\"MITC Consulting\",\"url\":\"https:\/\/mitc-consulting.com\/de\/\",\"logo\":{\"@type\":\"ImageObject\",\"inLanguage\":\"de\",\"@id\":\"https:\/\/mitc-consulting.com\/de\/#\/schema\/logo\/image\/\",\"url\":\"https:\/\/mitc-consulting.com\/wp-content\/uploads\/2023\/11\/cropped-mitc_consulting_logo_color_webp.png\",\"contentUrl\":\"https:\/\/mitc-consulting.com\/wp-content\/uploads\/2023\/11\/cropped-mitc_consulting_logo_color_webp.png\",\"width\":250,\"height\":130,\"caption\":\"MITC Consulting\"},\"image\":{\"@id\":\"https:\/\/mitc-consulting.com\/de\/#\/schema\/logo\/image\/\"}}]}<\/script>\n<!-- \/ Yoast SEO plugin. -->","yoast_head_json":{"title":"Datenschutzbestimmung | MITC","description":"MITC's Datenschutzbestimmung Der Gebrauch und Schutz Ihrer Daten.","robots":{"index":"index","follow":"follow","max-snippet":"max-snippet:-1","max-image-preview":"max-image-preview:large","max-video-preview":"max-video-preview:-1"},"canonical":"https:\/\/mitc-consulting.com\/de\/datenschutzerklarung\/","og_locale":"de_DE","og_type":"article","og_title":"Datenschutzbestimmung | MITC","og_description":"MITC's Datenschutzbestimmung Der Gebrauch und Schutz Ihrer Daten.","og_url":"https:\/\/mitc-consulting.com\/de\/datenschutzerklarung\/","og_site_name":"MITC Consulting","article_modified_time":"2024-03-19T09:13:02+00:00","twitter_card":"summary_large_image","twitter_misc":{"Gesch\u00e4tzte Lesezeit":"3\u00a0Minuten"},"schema":{"@context":"https:\/\/schema.org","@graph":[{"@type":"WebPage","@id":"https:\/\/mitc-consulting.com\/de\/datenschutzerklarung\/","url":"https:\/\/mitc-consulting.com\/de\/datenschutzerklarung\/","name":"Datenschutzbestimmung | MITC","isPartOf":{"@id":"https:\/\/mitc-consulting.com\/de\/#website"},"datePublished":"2020-09-01T09:01:53+00:00","dateModified":"2024-03-19T09:13:02+00:00","description":"MITC's Datenschutzbestimmung Der Gebrauch und Schutz Ihrer Daten.","breadcrumb":{"@id":"https:\/\/mitc-consulting.com\/de\/datenschutzerklarung\/#breadcrumb"},"inLanguage":"de","potentialAction":[{"@type":"ReadAction","target":["https:\/\/mitc-consulting.com\/de\/datenschutzerklarung\/"]}]},{"@type":"BreadcrumbList","@id":"https:\/\/mitc-consulting.com\/de\/datenschutzerklarung\/#breadcrumb","itemListElement":[{"@type":"ListItem","position":1,"name":"Home","item":"https:\/\/mitc-consulting.com\/de\/"},{"@type":"ListItem","position":2,"name":"Datenschutzerkl\u00e4rung"}]},{"@type":"WebSite","@id":"https:\/\/mitc-consulting.com\/de\/#website","url":"https:\/\/mitc-consulting.com\/de\/","name":"MITC Consulting","description":"Votre Soci\u00e9t\u00e9 de Portage Salarial en Suisse","publisher":{"@id":"https:\/\/mitc-consulting.com\/de\/#organization"},"potentialAction":[{"@type":"SearchAction","target":{"@type":"EntryPoint","urlTemplate":"https:\/\/mitc-consulting.com\/de\/?s={search_term_string}"},"query-input":{"@type":"PropertyValueSpecification","valueRequired":true,"valueName":"search_term_string"}}],"inLanguage":"de"},{"@type":"Organization","@id":"https:\/\/mitc-consulting.com\/de\/#organization","name":"MITC Consulting","url":"https:\/\/mitc-consulting.com\/de\/","logo":{"@type":"ImageObject","inLanguage":"de","@id":"https:\/\/mitc-consulting.com\/de\/#\/schema\/logo\/image\/","url":"https:\/\/mitc-consulting.com\/wp-content\/uploads\/2023\/11\/cropped-mitc_consulting_logo_color_webp.png","contentUrl":"https:\/\/mitc-consulting.com\/wp-content\/uploads\/2023\/11\/cropped-mitc_consulting_logo_color_webp.png","width":250,"height":130,"caption":"MITC Consulting"},"image":{"@id":"https:\/\/mitc-consulting.com\/de\/#\/schema\/logo\/image\/"}}]}},"_links":{"self":[{"href":"https:\/\/mitc-consulting.com\/de\/wp-json\/wp\/v2\/pages\/2164"}],"collection":[{"href":"https:\/\/mitc-consulting.com\/de\/wp-json\/wp\/v2\/pages"}],"about":[{"href":"https:\/\/mitc-consulting.com\/de\/wp-json\/wp\/v2\/types\/page"}],"author":[{"embeddable":true,"href":"https:\/\/mitc-consulting.com\/de\/wp-json\/wp\/v2\/users\/8"}],"replies":[{"embeddable":true,"href":"https:\/\/mitc-consulting.com\/de\/wp-json\/wp\/v2\/comments?post=2164"}],"version-history":[{"count":10,"href":"https:\/\/mitc-consulting.com\/de\/wp-json\/wp\/v2\/pages\/2164\/revisions"}],"predecessor-version":[{"id":4141,"href":"https:\/\/mitc-consulting.com\/de\/wp-json\/wp\/v2\/pages\/2164\/revisions\/4141"}],"wp:attachment":[{"href":"https:\/\/mitc-consulting.com\/de\/wp-json\/wp\/v2\/media?parent=2164"}],"curies":[{"name":"wp","href":"https:\/\/api.w.org\/{rel}","templated":true}]}}