{"id":2160,"date":"2020-08-31T17:59:05","date_gmt":"2020-08-31T17:59:05","guid":{"rendered":"https:\/\/www.mitc-consulting.com\/impressum\/"},"modified":"2020-09-02T09:56:03","modified_gmt":"2020-09-02T09:56:03","slug":"impressum","status":"publish","type":"page","link":"https:\/\/mitc-consulting.com\/de\/impressum\/","title":{"rendered":"Impressum"},"content":{"rendered":"\t\t<div data-elementor-type=\"wp-page\" data-elementor-id=\"2160\" class=\"elementor elementor-2160 elementor-884\" data-elementor-post-type=\"page\">\n\t\t\t\t\t\t<section class=\"elementor-section elementor-top-section elementor-element elementor-element-2bc63de elementor-section-boxed elementor-section-height-default elementor-section-height-default\" data-id=\"2bc63de\" data-element_type=\"section\">\n\t\t\t\t\t\t<div class=\"elementor-container elementor-column-gap-default\">\n\t\t\t\t\t<div class=\"elementor-column elementor-col-100 elementor-top-column elementor-element elementor-element-91c0d87\" data-id=\"91c0d87\" data-element_type=\"column\">\n\t\t\t<div class=\"elementor-widget-wrap elementor-element-populated\">\n\t\t\t\t\t\t<div class=\"elementor-element elementor-element-9a978a4 elementor-widget elementor-widget-heading\" data-id=\"9a978a4\" data-element_type=\"widget\" data-widget_type=\"heading.default\">\n\t\t\t\t<div class=\"elementor-widget-container\">\n\t\t\t<h1 class=\"elementor-heading-title elementor-size-default\">Impressum<\/h1>\t\t<\/div>\n\t\t\t\t<\/div>\n\t\t\t\t<div class=\"elementor-element elementor-element-2425d2b elementor-widget-divider--view-line elementor-widget elementor-widget-divider\" data-id=\"2425d2b\" data-element_type=\"widget\" data-widget_type=\"divider.default\">\n\t\t\t\t<div class=\"elementor-widget-container\">\n\t\t\t\t\t<div class=\"elementor-divider\">\n\t\t\t<span class=\"elementor-divider-separator\">\n\t\t\t\t\t\t<\/span>\n\t\t<\/div>\n\t\t\t\t<\/div>\n\t\t\t\t<\/div>\n\t\t\t\t<div class=\"elementor-element elementor-element-c49096b elementor-widget elementor-widget-text-editor\" data-id=\"c49096b\" data-element_type=\"widget\" data-widget_type=\"text-editor.default\">\n\t\t\t\t<div class=\"elementor-widget-container\">\n\t\t\t\t\t\t\t<p>Die Webseite www.mitc-consulting.com wird von MITC unterhalten (im Folgenden &#8222;MITC&#8220; oder &#8222;die Webseite&#8220; genannt), eine Payrolling Unternehmen mit Sitz in der Schweiz.<\/p>\n\t\t\t\t\t\t<\/div>\n\t\t\t\t<\/div>\n\t\t\t\t<div class=\"elementor-element elementor-element-af1ed8d elementor-widget elementor-widget-heading\" data-id=\"af1ed8d\" data-element_type=\"widget\" data-widget_type=\"heading.default\">\n\t\t\t\t<div class=\"elementor-widget-container\">\n\t\t\t<h2 class=\"elementor-heading-title elementor-size-default\">Betreiber der Webseite<\/h2>\t\t<\/div>\n\t\t\t\t<\/div>\n\t\t\t\t<div class=\"elementor-element elementor-element-0edafcc elementor-widget elementor-widget-text-editor\" data-id=\"0edafcc\" data-element_type=\"widget\" data-widget_type=\"text-editor.default\">\n\t\t\t\t<div class=\"elementor-widget-container\">\n\t\t\t\t\t\t\t<p>Route du Village 13<br \/>1807 Blonay<br \/>CH-Schweiz<\/p>\n<p>Telefonnummer: +41 (0) 79 501 34 00<br \/>Email: contact@mitc-consulting.com<br \/>Homepage: www.mitc-consulting.com<\/p>\n\t\t\t\t\t\t<\/div>\n\t\t\t\t<\/div>\n\t\t\t\t<div class=\"elementor-element elementor-element-3091a32 elementor-widget elementor-widget-heading\" data-id=\"3091a32\" data-element_type=\"widget\" data-widget_type=\"heading.default\">\n\t\t\t\t<div class=\"elementor-widget-container\">\n\t\t\t<h2 class=\"elementor-heading-title elementor-size-default\">Geistiges Eigentum<\/h2>\t\t<\/div>\n\t\t\t\t<\/div>\n\t\t\t\t<div class=\"elementor-element elementor-element-111f545 elementor-widget elementor-widget-text-editor\" data-id=\"111f545\" data-element_type=\"widget\" data-widget_type=\"text-editor.default\">\n\t\t\t\t<div class=\"elementor-widget-container\">\n\t\t\t\t\t\t\t<p>Alle auf der MITC-Website ver\u00f6ffentlichten Elemente, einschlie\u00dflich Logos, Text und Marken, sind das ausschliessliche Eigentum von MITC und durch Rechte an geistigem Eigentum gesch\u00fctzt. Der auf dieser Website angezeigte Inhalt ist nur f\u00fcr den nichtkommerziellen und pers\u00f6nlichen Gebrauch gedacht, sofern alle Urheberrechts-, Marken- und sonstigen Schutzvermerke respektiert und eingehalten werden. Es ist verboten, den gesamten Inhalt der Webseite www.mitc-consulting.com oder einen Teil dessen ohne vorherige Genehmigung von MITC auf irgendeine Weise zu ver\u00f6ffentlichen, zu reproduzieren oder zu kopieren.<\/p>\n\t\t\t\t\t\t<\/div>\n\t\t\t\t<\/div>\n\t\t\t\t<div class=\"elementor-element elementor-element-f95161b elementor-widget elementor-widget-heading\" data-id=\"f95161b\" data-element_type=\"widget\" data-widget_type=\"heading.default\">\n\t\t\t\t<div class=\"elementor-widget-container\">\n\t\t\t<h2 class=\"elementor-heading-title elementor-size-default\">Kommunikation<\/h2>\t\t<\/div>\n\t\t\t\t<\/div>\n\t\t\t\t<div class=\"elementor-element elementor-element-8cc782c elementor-widget elementor-widget-text-editor\" data-id=\"8cc782c\" data-element_type=\"widget\" data-widget_type=\"text-editor.default\">\n\t\t\t\t<div class=\"elementor-widget-container\">\n\t\t\t\t\t\t\t<p>MITC ist nicht verpflichtet, Informationen zu \u00fcberwachen, die Benutzer auf der MITC-Website offenlegen, insbesondere in den Kommentaren von Artikeln.<\/p>\n<p>Der Benutzer garantiert, dass Informationen, Kommentare oder Inhalte, die er bei MITC ver\u00f6ffentlicht oder auf der Webseite ver\u00f6ffentlicht, keine Rechte am geistigen Eigentum oder keine geltenden Gesetze verletzen oder das Bild oder die Integrit\u00e4t in keiner Weise beeintr\u00e4chtigen oder ein anderes Recht eines Dritten.<\/p>\n<p>MITC \u00fcbernimmt keine vertragliche oder finanzielle Verantwortung f\u00fcr Sch\u00e4den, die durch die von den Benutzern auf der Webseite bereitgestellten Informationen verursacht werden. <\/p>\n<p>MITC beh\u00e4lt sich das Recht vor, Informationen, Kommentare und Inhalte, die auf der Webseite ver\u00f6ffentlicht werden, jederzeit f\u00fcr eigene Zwecke zu \u00e4ndern, zu l\u00f6schen oder zu verwenden.<\/p>\n<p><!-- \/wp:paragraph --><!-- wp:paragraph --><\/p>\n\t\t\t\t\t\t<\/div>\n\t\t\t\t<\/div>\n\t\t\t\t<div class=\"elementor-element elementor-element-17b708c elementor-widget elementor-widget-heading\" data-id=\"17b708c\" data-element_type=\"widget\" data-widget_type=\"heading.default\">\n\t\t\t\t<div class=\"elementor-widget-container\">\n\t\t\t<h2 class=\"elementor-heading-title elementor-size-default\">Haftungsausschluss<\/h2>\t\t<\/div>\n\t\t\t\t<\/div>\n\t\t\t\t<div class=\"elementor-element elementor-element-e17d18f elementor-widget elementor-widget-text-editor\" data-id=\"e17d18f\" data-element_type=\"widget\" data-widget_type=\"text-editor.default\">\n\t\t\t\t<div class=\"elementor-widget-container\">\n\t\t\t\t\t\t\t<p>MITC kann unter keinen Umst\u00e4nden f\u00fcr direkte oder indirekte Sch\u00e4den haftbar gemacht werden, die sich aus der Nutzung der Webseite oder der verlinkten Webseiten ergeben, insbesondere, aber nicht beschr\u00e4nkt auf: finanzielle oder kommerzielle Sch\u00e4den, entgangenem Gewinn, Datenverlust, Sachschaden. Dies gilt auch dann, wenn MITC Kenntnis von der M\u00f6glichkeit des Auftretens eines solchen Schadens hatte.<\/p>\n<p>MITC kann f\u00fcr Sch\u00e4den jeglicher Art nicht haftbar gemacht werden, die sich aus einer unm\u00f6glichen Verwendung oder aus Vorteilen ergeben, die sich aus der Verwendung oder dem Betrieb der auf der Webseite verf\u00fcgbaren Dokumente, Software und Informationen oder Informationen oder Inhalten ergeben, die in den Kommentaren oder anderweitig publiziert werden oder Sch\u00e4den, die durch ein betr\u00fcgerisches Eindringen eines Dritten verursacht wurden und eine \u00c4nderung der auf der Website zur Verf\u00fcgung gestellten Informationen verursacht werden.<\/p>\n\t\t\t\t\t\t<\/div>\n\t\t\t\t<\/div>\n\t\t\t\t<div class=\"elementor-element elementor-element-6174dd2 elementor-widget elementor-widget-heading\" data-id=\"6174dd2\" data-element_type=\"widget\" data-widget_type=\"heading.default\">\n\t\t\t\t<div class=\"elementor-widget-container\">\n\t\t\t<h2 class=\"elementor-heading-title elementor-size-default\">Datenschutzerkl\u00e4rung<\/h2>\t\t<\/div>\n\t\t\t\t<\/div>\n\t\t\t\t<div class=\"elementor-element elementor-element-cd67069 elementor-widget elementor-widget-text-editor\" data-id=\"cd67069\" data-element_type=\"widget\" data-widget_type=\"text-editor.default\">\n\t\t\t\t<div class=\"elementor-widget-container\">\n\t\t\t\t\t\t\t<p>Bitte klicken Sie <a href=\"https:\/\/www.mitc-consulting.com\/de\/datenschutzerklarung\/\"><strong>hier<\/strong><\/a> um unsere Datenschutzerkl\u00e4rung zu lesen.<\/p>\n\t\t\t\t\t\t<\/div>\n\t\t\t\t<\/div>\n\t\t\t\t\t<\/div>\n\t\t<\/div>\n\t\t\t\t\t<\/div>\n\t\t<\/section>\n\t\t\t\t<\/div>\n\t\t","protected":false},"excerpt":{"rendered":"<p>Impressum Die Webseite www.mitc-consulting.com wird von MITC unterhalten (im Folgenden &#8222;MITC&#8220; oder &#8222;die Webseite&#8220; genannt), eine Payrolling Unternehmen mit Sitz in der Schweiz. Betreiber der Webseite Route du Village 131807 BlonayCH-Schweiz Telefonnummer: +41 (0) 79 501 34 00Email: contact@mitc-consulting.comHomepage: www.mitc-consulting.com Geistiges Eigentum Alle auf der MITC-Website ver\u00f6ffentlichten Elemente, einschlie\u00dflich Logos, Text und Marken, sind das [&hellip;]<\/p>\n","protected":false},"author":8,"featured_media":0,"parent":0,"menu_order":0,"comment_status":"closed","ping_status":"closed","template":"","meta":{"footnotes":""},"class_list":["post-2160","page","type-page","status-publish","hentry"],"yoast_head":"<!-- This site is optimized with the Yoast SEO plugin v23.7 - https:\/\/yoast.com\/wordpress\/plugins\/seo\/ -->\n<title>Impressum | MITC<\/title>\n<meta name=\"robots\" content=\"index, follow, max-snippet:-1, max-image-preview:large, max-video-preview:-1\" \/>\n<link rel=\"canonical\" href=\"https:\/\/mitc-consulting.com\/de\/impressum\/\" \/>\n<meta property=\"og:locale\" content=\"de_DE\" \/>\n<meta property=\"og:type\" content=\"article\" \/>\n<meta property=\"og:title\" content=\"Impressum | MITC\" \/>\n<meta property=\"og:description\" content=\"Impressum Die Webseite www.mitc-consulting.com wird von MITC unterhalten (im Folgenden &#8222;MITC&#8220; oder &#8222;die Webseite&#8220; genannt), eine Payrolling Unternehmen mit Sitz in der Schweiz. Betreiber der Webseite Route du Village 131807 BlonayCH-Schweiz Telefonnummer: +41 (0) 79 501 34 00Email: contact@mitc-consulting.comHomepage: www.mitc-consulting.com Geistiges Eigentum Alle auf der MITC-Website ver\u00f6ffentlichten Elemente, einschlie\u00dflich Logos, Text und Marken, sind das [&hellip;]\" \/>\n<meta property=\"og:url\" content=\"https:\/\/mitc-consulting.com\/de\/impressum\/\" \/>\n<meta property=\"og:site_name\" content=\"MITC Consulting\" \/>\n<meta property=\"article:modified_time\" content=\"2020-09-02T09:56:03+00:00\" \/>\n<meta name=\"twitter:card\" content=\"summary_large_image\" \/>\n<meta name=\"twitter:label1\" content=\"Gesch\u00e4tzte Lesezeit\" \/>\n\t<meta name=\"twitter:data1\" content=\"2\u00a0Minuten\" \/>\n<script type=\"application\/ld+json\" class=\"yoast-schema-graph\">{\"@context\":\"https:\/\/schema.org\",\"@graph\":[{\"@type\":\"WebPage\",\"@id\":\"https:\/\/mitc-consulting.com\/de\/impressum\/\",\"url\":\"https:\/\/mitc-consulting.com\/de\/impressum\/\",\"name\":\"Impressum | MITC\",\"isPartOf\":{\"@id\":\"https:\/\/mitc-consulting.com\/de\/#website\"},\"datePublished\":\"2020-08-31T17:59:05+00:00\",\"dateModified\":\"2020-09-02T09:56:03+00:00\",\"breadcrumb\":{\"@id\":\"https:\/\/mitc-consulting.com\/de\/impressum\/#breadcrumb\"},\"inLanguage\":\"de\",\"potentialAction\":[{\"@type\":\"ReadAction\",\"target\":[\"https:\/\/mitc-consulting.com\/de\/impressum\/\"]}]},{\"@type\":\"BreadcrumbList\",\"@id\":\"https:\/\/mitc-consulting.com\/de\/impressum\/#breadcrumb\",\"itemListElement\":[{\"@type\":\"ListItem\",\"position\":1,\"name\":\"Home\",\"item\":\"https:\/\/mitc-consulting.com\/de\/\"},{\"@type\":\"ListItem\",\"position\":2,\"name\":\"Impressum\"}]},{\"@type\":\"WebSite\",\"@id\":\"https:\/\/mitc-consulting.com\/de\/#website\",\"url\":\"https:\/\/mitc-consulting.com\/de\/\",\"name\":\"MITC Consulting\",\"description\":\"Votre Soci\u00e9t\u00e9 de Portage Salarial en Suisse\",\"publisher\":{\"@id\":\"https:\/\/mitc-consulting.com\/de\/#organization\"},\"potentialAction\":[{\"@type\":\"SearchAction\",\"target\":{\"@type\":\"EntryPoint\",\"urlTemplate\":\"https:\/\/mitc-consulting.com\/de\/?s={search_term_string}\"},\"query-input\":{\"@type\":\"PropertyValueSpecification\",\"valueRequired\":true,\"valueName\":\"search_term_string\"}}],\"inLanguage\":\"de\"},{\"@type\":\"Organization\",\"@id\":\"https:\/\/mitc-consulting.com\/de\/#organization\",\"name\":\"MITC Consulting\",\"url\":\"https:\/\/mitc-consulting.com\/de\/\",\"logo\":{\"@type\":\"ImageObject\",\"inLanguage\":\"de\",\"@id\":\"https:\/\/mitc-consulting.com\/de\/#\/schema\/logo\/image\/\",\"url\":\"https:\/\/mitc-consulting.com\/wp-content\/uploads\/2023\/11\/cropped-mitc_consulting_logo_color_webp.png\",\"contentUrl\":\"https:\/\/mitc-consulting.com\/wp-content\/uploads\/2023\/11\/cropped-mitc_consulting_logo_color_webp.png\",\"width\":250,\"height\":130,\"caption\":\"MITC Consulting\"},\"image\":{\"@id\":\"https:\/\/mitc-consulting.com\/de\/#\/schema\/logo\/image\/\"}}]}<\/script>\n<!-- \/ Yoast SEO plugin. -->","yoast_head_json":{"title":"Impressum | MITC","robots":{"index":"index","follow":"follow","max-snippet":"max-snippet:-1","max-image-preview":"max-image-preview:large","max-video-preview":"max-video-preview:-1"},"canonical":"https:\/\/mitc-consulting.com\/de\/impressum\/","og_locale":"de_DE","og_type":"article","og_title":"Impressum | MITC","og_description":"Impressum Die Webseite www.mitc-consulting.com wird von MITC unterhalten (im Folgenden &#8222;MITC&#8220; oder &#8222;die Webseite&#8220; genannt), eine Payrolling Unternehmen mit Sitz in der Schweiz. Betreiber der Webseite Route du Village 131807 BlonayCH-Schweiz Telefonnummer: +41 (0) 79 501 34 00Email: contact@mitc-consulting.comHomepage: www.mitc-consulting.com Geistiges Eigentum Alle auf der MITC-Website ver\u00f6ffentlichten Elemente, einschlie\u00dflich Logos, Text und Marken, sind das [&hellip;]","og_url":"https:\/\/mitc-consulting.com\/de\/impressum\/","og_site_name":"MITC Consulting","article_modified_time":"2020-09-02T09:56:03+00:00","twitter_card":"summary_large_image","twitter_misc":{"Gesch\u00e4tzte Lesezeit":"2\u00a0Minuten"},"schema":{"@context":"https:\/\/schema.org","@graph":[{"@type":"WebPage","@id":"https:\/\/mitc-consulting.com\/de\/impressum\/","url":"https:\/\/mitc-consulting.com\/de\/impressum\/","name":"Impressum | MITC","isPartOf":{"@id":"https:\/\/mitc-consulting.com\/de\/#website"},"datePublished":"2020-08-31T17:59:05+00:00","dateModified":"2020-09-02T09:56:03+00:00","breadcrumb":{"@id":"https:\/\/mitc-consulting.com\/de\/impressum\/#breadcrumb"},"inLanguage":"de","potentialAction":[{"@type":"ReadAction","target":["https:\/\/mitc-consulting.com\/de\/impressum\/"]}]},{"@type":"BreadcrumbList","@id":"https:\/\/mitc-consulting.com\/de\/impressum\/#breadcrumb","itemListElement":[{"@type":"ListItem","position":1,"name":"Home","item":"https:\/\/mitc-consulting.com\/de\/"},{"@type":"ListItem","position":2,"name":"Impressum"}]},{"@type":"WebSite","@id":"https:\/\/mitc-consulting.com\/de\/#website","url":"https:\/\/mitc-consulting.com\/de\/","name":"MITC Consulting","description":"Votre Soci\u00e9t\u00e9 de Portage Salarial en Suisse","publisher":{"@id":"https:\/\/mitc-consulting.com\/de\/#organization"},"potentialAction":[{"@type":"SearchAction","target":{"@type":"EntryPoint","urlTemplate":"https:\/\/mitc-consulting.com\/de\/?s={search_term_string}"},"query-input":{"@type":"PropertyValueSpecification","valueRequired":true,"valueName":"search_term_string"}}],"inLanguage":"de"},{"@type":"Organization","@id":"https:\/\/mitc-consulting.com\/de\/#organization","name":"MITC Consulting","url":"https:\/\/mitc-consulting.com\/de\/","logo":{"@type":"ImageObject","inLanguage":"de","@id":"https:\/\/mitc-consulting.com\/de\/#\/schema\/logo\/image\/","url":"https:\/\/mitc-consulting.com\/wp-content\/uploads\/2023\/11\/cropped-mitc_consulting_logo_color_webp.png","contentUrl":"https:\/\/mitc-consulting.com\/wp-content\/uploads\/2023\/11\/cropped-mitc_consulting_logo_color_webp.png","width":250,"height":130,"caption":"MITC Consulting"},"image":{"@id":"https:\/\/mitc-consulting.com\/de\/#\/schema\/logo\/image\/"}}]}},"_links":{"self":[{"href":"https:\/\/mitc-consulting.com\/de\/wp-json\/wp\/v2\/pages\/2160"}],"collection":[{"href":"https:\/\/mitc-consulting.com\/de\/wp-json\/wp\/v2\/pages"}],"about":[{"href":"https:\/\/mitc-consulting.com\/de\/wp-json\/wp\/v2\/types\/page"}],"author":[{"embeddable":true,"href":"https:\/\/mitc-consulting.com\/de\/wp-json\/wp\/v2\/users\/8"}],"replies":[{"embeddable":true,"href":"https:\/\/mitc-consulting.com\/de\/wp-json\/wp\/v2\/comments?post=2160"}],"version-history":[{"count":7,"href":"https:\/\/mitc-consulting.com\/de\/wp-json\/wp\/v2\/pages\/2160\/revisions"}],"predecessor-version":[{"id":2197,"href":"https:\/\/mitc-consulting.com\/de\/wp-json\/wp\/v2\/pages\/2160\/revisions\/2197"}],"wp:attachment":[{"href":"https:\/\/mitc-consulting.com\/de\/wp-json\/wp\/v2\/media?parent=2160"}],"curies":[{"name":"wp","href":"https:\/\/api.w.org\/{rel}","templated":true}]}}