{"id":2158,"date":"2020-08-31T17:39:16","date_gmt":"2020-08-31T17:39:16","guid":{"rendered":"https:\/\/www.mitc-consulting.com\/cookie-policy\/"},"modified":"2020-09-02T09:50:31","modified_gmt":"2020-09-02T09:50:31","slug":"cookie-policy","status":"publish","type":"page","link":"https:\/\/mitc-consulting.com\/de\/cookie-policy\/","title":{"rendered":"Cookie Policy"},"content":{"rendered":"\t\t<div data-elementor-type=\"wp-page\" data-elementor-id=\"2158\" class=\"elementor elementor-2158 elementor-1870\" data-elementor-post-type=\"page\">\n\t\t\t\t\t\t<section class=\"elementor-section elementor-top-section elementor-element elementor-element-de693c6 elementor-section-boxed elementor-section-height-default elementor-section-height-default\" data-id=\"de693c6\" data-element_type=\"section\">\n\t\t\t\t\t\t<div class=\"elementor-container elementor-column-gap-default\">\n\t\t\t\t\t<div class=\"elementor-column elementor-col-100 elementor-top-column elementor-element elementor-element-1a94c8a\" data-id=\"1a94c8a\" data-element_type=\"column\">\n\t\t\t<div class=\"elementor-widget-wrap elementor-element-populated\">\n\t\t\t\t\t\t<div class=\"elementor-element elementor-element-d3b1c82 elementor-widget elementor-widget-heading\" data-id=\"d3b1c82\" data-element_type=\"widget\" data-widget_type=\"heading.default\">\n\t\t\t\t<div class=\"elementor-widget-container\">\n\t\t\t<h1 class=\"elementor-heading-title elementor-size-default\">Cookie Policy<\/h1>\t\t<\/div>\n\t\t\t\t<\/div>\n\t\t\t\t<div class=\"elementor-element elementor-element-43b93f1 elementor-widget-divider--view-line elementor-widget elementor-widget-divider\" data-id=\"43b93f1\" data-element_type=\"widget\" data-widget_type=\"divider.default\">\n\t\t\t\t<div class=\"elementor-widget-container\">\n\t\t\t\t\t<div class=\"elementor-divider\">\n\t\t\t<span class=\"elementor-divider-separator\">\n\t\t\t\t\t\t<\/span>\n\t\t<\/div>\n\t\t\t\t<\/div>\n\t\t\t\t<\/div>\n\t\t\t\t<div class=\"elementor-element elementor-element-9849368 elementor-widget elementor-widget-text-editor\" data-id=\"9849368\" data-element_type=\"widget\" data-widget_type=\"text-editor.default\">\n\t\t\t\t<div class=\"elementor-widget-container\">\n\t\t\t\t\t\t\t<p>Aktuellste Version vom 20.01.2020<\/p>\n\t\t\t\t\t\t<\/div>\n\t\t\t\t<\/div>\n\t\t\t\t<div class=\"elementor-element elementor-element-a48b495 elementor-widget elementor-widget-heading\" data-id=\"a48b495\" data-element_type=\"widget\" data-widget_type=\"heading.default\">\n\t\t\t\t<div class=\"elementor-widget-container\">\n\t\t\t<h2 class=\"elementor-heading-title elementor-size-default\">Was sind Cookies?\n<\/h2>\t\t<\/div>\n\t\t\t\t<\/div>\n\t\t\t\t<div class=\"elementor-element elementor-element-37b1a6b elementor-widget elementor-widget-text-editor\" data-id=\"37b1a6b\" data-element_type=\"widget\" data-widget_type=\"text-editor.default\">\n\t\t\t\t<div class=\"elementor-widget-container\">\n\t\t\t\t\t\t\t<p class=\"p1\">Wie fast alle offiziellen Webseiten, benutzen auch wir Cookies, kleine Dateien, die auf Ihren Computer heruntergeladen werden, um die Benutzerfreundlichkeit der Webseite zu verbessern. Auf dieser Seite wird beschrieben, welche Informationen gesammelt werden, wie sie verwendet werden und warum es manchmal erforderlich ist, diese zu speichern. Wir erl\u00e4utern ebenso, wie Sie verhindern k\u00f6nnen, dass diese gespeichert werden. Bitte beachten Sie hierbei, dass Funktionen der Seite eventuell nicht funktionieren oder verf\u00fcgbar sind.<\/p>\n<p class=\"p1\">F\u00fcr weitere, allgemeinere Information zu Cookies lesen Sie den Wikipedia Artikel auf HTTP Cookies.<\/p>\n\t\t\t\t\t\t<\/div>\n\t\t\t\t<\/div>\n\t\t\t\t<div class=\"elementor-element elementor-element-1aa9cf1 elementor-widget elementor-widget-heading\" data-id=\"1aa9cf1\" data-element_type=\"widget\" data-widget_type=\"heading.default\">\n\t\t\t\t<div class=\"elementor-widget-container\">\n\t\t\t<h2 class=\"elementor-heading-title elementor-size-default\">Wie wir Cookies verwenden\n<\/h2>\t\t<\/div>\n\t\t\t\t<\/div>\n\t\t\t\t<div class=\"elementor-element elementor-element-89e78b4 elementor-widget elementor-widget-text-editor\" data-id=\"89e78b4\" data-element_type=\"widget\" data-widget_type=\"text-editor.default\">\n\t\t\t\t<div class=\"elementor-widget-container\">\n\t\t\t\t\t\t\t<p class=\"p1\">Wir benutzen Cookies f\u00fcr mehrere Zwecke, die im Folgenden aufgelistet werden. Leider ist es in der allermeisten F\u00e4llen nicht m\u00f6glich, Cookies abzuschalten ohne die gesamte Funktionalit\u00e4t der Webseite einzuschr\u00e4nken. Es wird empfohlen, Cookies zuzulassen, wenn Sie sich nicht sicher sind, ob sie ben\u00f6tigt werden oder nicht oder einen Service anbieten, den Sie ben\u00f6tigen.<\/p>\n\t\t\t\t\t\t<\/div>\n\t\t\t\t<\/div>\n\t\t\t\t<div class=\"elementor-element elementor-element-bd88165 elementor-widget elementor-widget-heading\" data-id=\"bd88165\" data-element_type=\"widget\" data-widget_type=\"heading.default\">\n\t\t\t\t<div class=\"elementor-widget-container\">\n\t\t\t<h2 class=\"elementor-heading-title elementor-size-default\">Cookies deaktivieren\n<\/h2>\t\t<\/div>\n\t\t\t\t<\/div>\n\t\t\t\t<div class=\"elementor-element elementor-element-bd74a91 elementor-widget elementor-widget-text-editor\" data-id=\"bd74a91\" data-element_type=\"widget\" data-widget_type=\"text-editor.default\">\n\t\t\t\t<div class=\"elementor-widget-container\">\n\t\t\t\t\t\t\t<p class=\"p1\">Sie k\u00f6nnen verhindern, dass Cookies gespeichert werden, indem Sie Ihre in Ihrem Browser die Einstellungen \u00e4ndern (in der Hilfe-Sektion Ihres Browsers finden Sie eine Anleitung dazu). Seien Sie sich dar\u00fcber bewusst, dass die Deaktivierung von Cookies die Funktionalit\u00e4t dieser Seite (und eventuell anderer Seiten) einschr\u00e4nkt. Deaktivierte Cookies bedeuten meist eine Einschr\u00e4nkung der Funktionalit\u00e4t. Es wird empfohlen, die Cookies in Ihrem Browser nicht zu deaktivieren.<\/p>\n\t\t\t\t\t\t<\/div>\n\t\t\t\t<\/div>\n\t\t\t\t<div class=\"elementor-element elementor-element-07fd580 elementor-widget elementor-widget-heading\" data-id=\"07fd580\" data-element_type=\"widget\" data-widget_type=\"heading.default\">\n\t\t\t\t<div class=\"elementor-widget-container\">\n\t\t\t<h2 class=\"elementor-heading-title elementor-size-default\">Cookies, die wir verwenden\n<\/h2>\t\t<\/div>\n\t\t\t\t<\/div>\n\t\t\t\t<div class=\"elementor-element elementor-element-0b7d9b7 elementor-widget elementor-widget-heading\" data-id=\"0b7d9b7\" data-element_type=\"widget\" data-widget_type=\"heading.default\">\n\t\t\t\t<div class=\"elementor-widget-container\">\n\t\t\t<h3 class=\"elementor-heading-title elementor-size-default\">Cookies sind zu Konten verlinkt\n<\/h3>\t\t<\/div>\n\t\t\t\t<\/div>\n\t\t\t\t<div class=\"elementor-element elementor-element-4aeb27e elementor-widget elementor-widget-text-editor\" data-id=\"4aeb27e\" data-element_type=\"widget\" data-widget_type=\"text-editor.default\">\n\t\t\t\t<div class=\"elementor-widget-container\">\n\t\t\t\t\t\t\t<p class=\"p1\">Wenn Sie ein Kundenkonto bei uns er\u00f6ffnen, verwenden wir Cookies, um die Registrierung und allgemeine Arbeiten durchzuf\u00fchren. Diese Cookies werden im Allgemeinen gel\u00f6scht, wenn Sie sich ausloggen. Manchmal werden sie gespeichert, um Ihre Einstellungen zu speichern, wenn Sie sich ausloggen.<\/p>\n\t\t\t\t\t\t<\/div>\n\t\t\t\t<\/div>\n\t\t\t\t<div class=\"elementor-element elementor-element-a6d791c elementor-widget elementor-widget-heading\" data-id=\"a6d791c\" data-element_type=\"widget\" data-widget_type=\"heading.default\">\n\t\t\t\t<div class=\"elementor-widget-container\">\n\t\t\t<h3 class=\"elementor-heading-title elementor-size-default\">Der Gebrauch von Cookies f\u00fcr diese Benutzeroberfl\u00e4che\n<\/h3>\t\t<\/div>\n\t\t\t\t<\/div>\n\t\t\t\t<div class=\"elementor-element elementor-element-ed83400 elementor-widget elementor-widget-text-editor\" data-id=\"ed83400\" data-element_type=\"widget\" data-widget_type=\"text-editor.default\">\n\t\t\t\t<div class=\"elementor-widget-container\">\n\t\t\t\t\t\t\t<p class=\"p1\">Wir verwenden Cookies, wenn Sie eingeloggt sind, sodass wir diesen Status erkennen. Dies erspart Ihnen den Aufwand, sich jedes Mal wieder einloggen zu m\u00fcssen, sobald Sie eine neue Seite besuchen. Diese Cookies werden im Normalfall wieder gel\u00f6scht, sobald Sie sich ausloggen. Dadurch wird sichergestellt, dass, sobald Sie eingeloggt sind, Ihre Benutzeroberfl\u00e4che auf Funktionen und Bereiche zugreifen kann, die nur registrierten Benutzern zur Verf\u00fcgung stehen.<\/p>\n\t\t\t\t\t\t<\/div>\n\t\t\t\t<\/div>\n\t\t\t\t<div class=\"elementor-element elementor-element-01004dc elementor-widget elementor-widget-heading\" data-id=\"01004dc\" data-element_type=\"widget\" data-widget_type=\"heading.default\">\n\t\t\t\t<div class=\"elementor-widget-container\">\n\t\t\t<h3 class=\"elementor-heading-title elementor-size-default\">Cookies, die in Emails und Newslettern verwendet werden.\n<\/h3>\t\t<\/div>\n\t\t\t\t<\/div>\n\t\t\t\t<div class=\"elementor-element elementor-element-c7f304c elementor-widget elementor-widget-text-editor\" data-id=\"c7f304c\" data-element_type=\"widget\" data-widget_type=\"text-editor.default\">\n\t\t\t\t<div class=\"elementor-widget-container\">\n\t\t\t\t\t\t\t<p class=\"p1\">W\u00e4hrend des Registrierung und beim Abonnieren oder Abbestellen des Newsletters speichern Cookies auf der Website Ihre E-Mail-Adresse. Cookies k\u00f6nnen auch verwendet werden, um den Status Ihres Kontos zu \u00fcberpr\u00fcfen und bestimmte Benachrichtigungen anzuzeigen, je nachdem, ob der Benutzer registriert ist oder nicht.<\/p>\n\t\t\t\t\t\t<\/div>\n\t\t\t\t<\/div>\n\t\t\t\t<div class=\"elementor-element elementor-element-3ed10c4 elementor-widget elementor-widget-heading\" data-id=\"3ed10c4\" data-element_type=\"widget\" data-widget_type=\"heading.default\">\n\t\t\t\t<div class=\"elementor-widget-container\">\n\t\t\t<h3 class=\"elementor-heading-title elementor-size-default\">Cookies in Formularen\n<\/h3>\t\t<\/div>\n\t\t\t\t<\/div>\n\t\t\t\t<div class=\"elementor-element elementor-element-07477ea elementor-widget elementor-widget-text-editor\" data-id=\"07477ea\" data-element_type=\"widget\" data-widget_type=\"text-editor.default\">\n\t\t\t\t<div class=\"elementor-widget-container\">\n\t\t\t\t\t\t\t<p class=\"p1\">Wenn Sie Daten \u00fcber ein Formular senden, wie sie auf unserer Kontaktseite oder in Kommentarfunktionen zu finden sind, werden m\u00f6glicherweise Cookies verwendet, um Ihre Benutzerinformationen f\u00fcr zuk\u00fcnftige Besuche der Webseite zu speichern.<\/p>\n\t\t\t\t\t\t<\/div>\n\t\t\t\t<\/div>\n\t\t\t\t<div class=\"elementor-element elementor-element-f475688 elementor-widget elementor-widget-heading\" data-id=\"f475688\" data-element_type=\"widget\" data-widget_type=\"heading.default\">\n\t\t\t\t<div class=\"elementor-widget-container\">\n\t\t\t<h3 class=\"elementor-heading-title elementor-size-default\">Cookies, die von Drittparteien verwendet werden\n<\/h3>\t\t<\/div>\n\t\t\t\t<\/div>\n\t\t\t\t<div class=\"elementor-element elementor-element-283b5e1 elementor-widget elementor-widget-text-editor\" data-id=\"283b5e1\" data-element_type=\"widget\" data-widget_type=\"text-editor.default\">\n\t\t\t\t<div class=\"elementor-widget-container\">\n\t\t\t\t\t\t\t<p class=\"p1\">In besonderen F\u00e4llen verwendet wir Cookies von vertrauensw\u00fcrdigen Drittparteien. <br \/>Der folgende Abschnitt zeigt detailliert, von welchen Drittparteien Cookies auf unserer Webseite verwenden.<br \/>Diese Website verwendet Google Analytics, eine der am h\u00e4ufigsten verwendeten und vertrauensw\u00fcrdigsten Online-Analysel\u00f6sungen, mit deren Hilfe wir verstehen, wie Sie die Website nutzen und wie wir Ihre Nutzungserfahrung verbessern k\u00f6nnen. Diese Cookies k\u00f6nnen Nutzungsverhalten speichern, wie z.B. die auf der Website verbrachte Zeit und die von Ihnen besuchten Seiten. So k\u00f6nnen wir weiterhin ansprechende Inhalte erstellen.<\/p>\n<p class=\"p1\">F\u00fcr mehr Informationen \u00fcber diese Cookies besuchen Sie bitte die offizielle Webseite <a href=\"https:\/\/www.google.com\/analytics\/\"><span class=\"s1\">Google Analytics<\/span><\/a>.<br \/>Regelm\u00e4ssig testen wir neue Funktionen und nehmen geringf\u00fcgige \u00c4nderungen an der Website und ihrer Darstellung vor. Wenn wir neue Funktionen testen, k\u00f6nnen Cookies verwendet werden, um eine konsistente Erfahrung auf der Website zu gew\u00e4hrleisten und gleichzeitig sicherzustellen, dass wir verstehen, welche Optimierungen unsere Benutzer am meisten sch\u00e4tzen.<\/p>\n<p class=\"p1\">Wir verwenden auf dieser Website auch Buttons und Plugins f\u00fcr Social Media Kan\u00e4le, mit denen Sie auf unterschiedliche Weise Ihre Profile mit sozialen Netzwerken verbinden k\u00f6nnen. Damit diese Schaltfl\u00e4chen funktionieren, stellen diese sozialen Plattformen auf unserer Website Cookies bereit, mit denen Sie Ihr Profil auf ihrer Website verbessern oder zu den darin enthaltenen Daten beitragen k\u00f6nnen.<\/p>\n\t\t\t\t\t\t<\/div>\n\t\t\t\t<\/div>\n\t\t\t\t<div class=\"elementor-element elementor-element-c49e4b7 elementor-widget elementor-widget-heading\" data-id=\"c49e4b7\" data-element_type=\"widget\" data-widget_type=\"heading.default\">\n\t\t\t\t<div class=\"elementor-widget-container\">\n\t\t\t<h2 class=\"elementor-heading-title elementor-size-default\">Weitere Informationen <\/h2>\t\t<\/div>\n\t\t\t\t<\/div>\n\t\t\t\t<div class=\"elementor-element elementor-element-4dea3d0 elementor-widget elementor-widget-text-editor\" data-id=\"4dea3d0\" data-element_type=\"widget\" data-widget_type=\"text-editor.default\">\n\t\t\t\t<div class=\"elementor-widget-container\">\n\t\t\t\t\t\t\t<p class=\"p1\">Wir hoffen, unsere Cookie Policy konnte Ihnen vermitteln, was Cookies sind und wie sie genutzt werden. Wenn Zweifel bestehen, ob Cookies n\u00fctzlich sind oder nicht, ist es im Allgemeinen empfehlenswert, sie zu aktivieren, falls es mit einer der auf unserer Website verwendeten Funktionen interagiert.<\/p>\n<p class=\"p1\">Wenn Sie mehr Informationen w\u00fcnschen, kontaktieren Sie uns mittels einer unserer Kontaktm\u00f6glichkeiten oder via Email: contact@mitc-consulting.com<\/p>\n\t\t\t\t\t\t<\/div>\n\t\t\t\t<\/div>\n\t\t\t\t\t<\/div>\n\t\t<\/div>\n\t\t\t\t\t<\/div>\n\t\t<\/section>\n\t\t\t\t<\/div>\n\t\t","protected":false},"excerpt":{"rendered":"<p>Cookie Policy Aktuellste Version vom 20.01.2020 Was sind Cookies? Wie fast alle offiziellen Webseiten, benutzen auch wir Cookies, kleine Dateien, die auf Ihren Computer heruntergeladen werden, um die Benutzerfreundlichkeit der Webseite zu verbessern. Auf dieser Seite wird beschrieben, welche Informationen gesammelt werden, wie sie verwendet werden und warum es manchmal erforderlich ist, diese zu speichern. [&hellip;]<\/p>\n","protected":false},"author":8,"featured_media":0,"parent":0,"menu_order":0,"comment_status":"closed","ping_status":"closed","template":"","meta":{"footnotes":""},"class_list":["post-2158","page","type-page","status-publish","hentry"],"yoast_head":"<!-- This site is optimized with the Yoast SEO plugin v23.7 - https:\/\/yoast.com\/wordpress\/plugins\/seo\/ -->\n<title>Cookie Policy | MITC<\/title>\n<meta name=\"robots\" content=\"index, follow, max-snippet:-1, max-image-preview:large, max-video-preview:-1\" \/>\n<link rel=\"canonical\" href=\"https:\/\/mitc-consulting.com\/de\/cookie-policy\/\" \/>\n<meta property=\"og:locale\" content=\"de_DE\" \/>\n<meta property=\"og:type\" content=\"article\" \/>\n<meta property=\"og:title\" content=\"Cookie Policy | MITC\" \/>\n<meta property=\"og:description\" content=\"Cookie Policy Aktuellste Version vom 20.01.2020 Was sind Cookies? Wie fast alle offiziellen Webseiten, benutzen auch wir Cookies, kleine Dateien, die auf Ihren Computer heruntergeladen werden, um die Benutzerfreundlichkeit der Webseite zu verbessern. Auf dieser Seite wird beschrieben, welche Informationen gesammelt werden, wie sie verwendet werden und warum es manchmal erforderlich ist, diese zu speichern. [&hellip;]\" \/>\n<meta property=\"og:url\" content=\"https:\/\/mitc-consulting.com\/de\/cookie-policy\/\" \/>\n<meta property=\"og:site_name\" content=\"MITC Consulting\" \/>\n<meta property=\"article:modified_time\" content=\"2020-09-02T09:50:31+00:00\" \/>\n<meta name=\"twitter:card\" content=\"summary_large_image\" \/>\n<meta name=\"twitter:label1\" content=\"Gesch\u00e4tzte Lesezeit\" \/>\n\t<meta name=\"twitter:data1\" content=\"4\u00a0Minuten\" \/>\n<script type=\"application\/ld+json\" class=\"yoast-schema-graph\">{\"@context\":\"https:\/\/schema.org\",\"@graph\":[{\"@type\":\"WebPage\",\"@id\":\"https:\/\/mitc-consulting.com\/de\/cookie-policy\/\",\"url\":\"https:\/\/mitc-consulting.com\/de\/cookie-policy\/\",\"name\":\"Cookie Policy | MITC\",\"isPartOf\":{\"@id\":\"https:\/\/mitc-consulting.com\/de\/#website\"},\"datePublished\":\"2020-08-31T17:39:16+00:00\",\"dateModified\":\"2020-09-02T09:50:31+00:00\",\"breadcrumb\":{\"@id\":\"https:\/\/mitc-consulting.com\/de\/cookie-policy\/#breadcrumb\"},\"inLanguage\":\"de\",\"potentialAction\":[{\"@type\":\"ReadAction\",\"target\":[\"https:\/\/mitc-consulting.com\/de\/cookie-policy\/\"]}]},{\"@type\":\"BreadcrumbList\",\"@id\":\"https:\/\/mitc-consulting.com\/de\/cookie-policy\/#breadcrumb\",\"itemListElement\":[{\"@type\":\"ListItem\",\"position\":1,\"name\":\"Home\",\"item\":\"https:\/\/mitc-consulting.com\/de\/\"},{\"@type\":\"ListItem\",\"position\":2,\"name\":\"Cookie Policy\"}]},{\"@type\":\"WebSite\",\"@id\":\"https:\/\/mitc-consulting.com\/de\/#website\",\"url\":\"https:\/\/mitc-consulting.com\/de\/\",\"name\":\"MITC Consulting\",\"description\":\"Votre Soci\u00e9t\u00e9 de Portage Salarial en Suisse\",\"publisher\":{\"@id\":\"https:\/\/mitc-consulting.com\/de\/#organization\"},\"potentialAction\":[{\"@type\":\"SearchAction\",\"target\":{\"@type\":\"EntryPoint\",\"urlTemplate\":\"https:\/\/mitc-consulting.com\/de\/?s={search_term_string}\"},\"query-input\":{\"@type\":\"PropertyValueSpecification\",\"valueRequired\":true,\"valueName\":\"search_term_string\"}}],\"inLanguage\":\"de\"},{\"@type\":\"Organization\",\"@id\":\"https:\/\/mitc-consulting.com\/de\/#organization\",\"name\":\"MITC Consulting\",\"url\":\"https:\/\/mitc-consulting.com\/de\/\",\"logo\":{\"@type\":\"ImageObject\",\"inLanguage\":\"de\",\"@id\":\"https:\/\/mitc-consulting.com\/de\/#\/schema\/logo\/image\/\",\"url\":\"https:\/\/mitc-consulting.com\/wp-content\/uploads\/2023\/11\/cropped-mitc_consulting_logo_color_webp.png\",\"contentUrl\":\"https:\/\/mitc-consulting.com\/wp-content\/uploads\/2023\/11\/cropped-mitc_consulting_logo_color_webp.png\",\"width\":250,\"height\":130,\"caption\":\"MITC Consulting\"},\"image\":{\"@id\":\"https:\/\/mitc-consulting.com\/de\/#\/schema\/logo\/image\/\"}}]}<\/script>\n<!-- \/ Yoast SEO plugin. -->","yoast_head_json":{"title":"Cookie Policy | MITC","robots":{"index":"index","follow":"follow","max-snippet":"max-snippet:-1","max-image-preview":"max-image-preview:large","max-video-preview":"max-video-preview:-1"},"canonical":"https:\/\/mitc-consulting.com\/de\/cookie-policy\/","og_locale":"de_DE","og_type":"article","og_title":"Cookie Policy | MITC","og_description":"Cookie Policy Aktuellste Version vom 20.01.2020 Was sind Cookies? Wie fast alle offiziellen Webseiten, benutzen auch wir Cookies, kleine Dateien, die auf Ihren Computer heruntergeladen werden, um die Benutzerfreundlichkeit der Webseite zu verbessern. Auf dieser Seite wird beschrieben, welche Informationen gesammelt werden, wie sie verwendet werden und warum es manchmal erforderlich ist, diese zu speichern. [&hellip;]","og_url":"https:\/\/mitc-consulting.com\/de\/cookie-policy\/","og_site_name":"MITC Consulting","article_modified_time":"2020-09-02T09:50:31+00:00","twitter_card":"summary_large_image","twitter_misc":{"Gesch\u00e4tzte Lesezeit":"4\u00a0Minuten"},"schema":{"@context":"https:\/\/schema.org","@graph":[{"@type":"WebPage","@id":"https:\/\/mitc-consulting.com\/de\/cookie-policy\/","url":"https:\/\/mitc-consulting.com\/de\/cookie-policy\/","name":"Cookie Policy | MITC","isPartOf":{"@id":"https:\/\/mitc-consulting.com\/de\/#website"},"datePublished":"2020-08-31T17:39:16+00:00","dateModified":"2020-09-02T09:50:31+00:00","breadcrumb":{"@id":"https:\/\/mitc-consulting.com\/de\/cookie-policy\/#breadcrumb"},"inLanguage":"de","potentialAction":[{"@type":"ReadAction","target":["https:\/\/mitc-consulting.com\/de\/cookie-policy\/"]}]},{"@type":"BreadcrumbList","@id":"https:\/\/mitc-consulting.com\/de\/cookie-policy\/#breadcrumb","itemListElement":[{"@type":"ListItem","position":1,"name":"Home","item":"https:\/\/mitc-consulting.com\/de\/"},{"@type":"ListItem","position":2,"name":"Cookie Policy"}]},{"@type":"WebSite","@id":"https:\/\/mitc-consulting.com\/de\/#website","url":"https:\/\/mitc-consulting.com\/de\/","name":"MITC Consulting","description":"Votre Soci\u00e9t\u00e9 de Portage Salarial en Suisse","publisher":{"@id":"https:\/\/mitc-consulting.com\/de\/#organization"},"potentialAction":[{"@type":"SearchAction","target":{"@type":"EntryPoint","urlTemplate":"https:\/\/mitc-consulting.com\/de\/?s={search_term_string}"},"query-input":{"@type":"PropertyValueSpecification","valueRequired":true,"valueName":"search_term_string"}}],"inLanguage":"de"},{"@type":"Organization","@id":"https:\/\/mitc-consulting.com\/de\/#organization","name":"MITC Consulting","url":"https:\/\/mitc-consulting.com\/de\/","logo":{"@type":"ImageObject","inLanguage":"de","@id":"https:\/\/mitc-consulting.com\/de\/#\/schema\/logo\/image\/","url":"https:\/\/mitc-consulting.com\/wp-content\/uploads\/2023\/11\/cropped-mitc_consulting_logo_color_webp.png","contentUrl":"https:\/\/mitc-consulting.com\/wp-content\/uploads\/2023\/11\/cropped-mitc_consulting_logo_color_webp.png","width":250,"height":130,"caption":"MITC Consulting"},"image":{"@id":"https:\/\/mitc-consulting.com\/de\/#\/schema\/logo\/image\/"}}]}},"_links":{"self":[{"href":"https:\/\/mitc-consulting.com\/de\/wp-json\/wp\/v2\/pages\/2158"}],"collection":[{"href":"https:\/\/mitc-consulting.com\/de\/wp-json\/wp\/v2\/pages"}],"about":[{"href":"https:\/\/mitc-consulting.com\/de\/wp-json\/wp\/v2\/types\/page"}],"author":[{"embeddable":true,"href":"https:\/\/mitc-consulting.com\/de\/wp-json\/wp\/v2\/users\/8"}],"replies":[{"embeddable":true,"href":"https:\/\/mitc-consulting.com\/de\/wp-json\/wp\/v2\/comments?post=2158"}],"version-history":[{"count":5,"href":"https:\/\/mitc-consulting.com\/de\/wp-json\/wp\/v2\/pages\/2158\/revisions"}],"predecessor-version":[{"id":2193,"href":"https:\/\/mitc-consulting.com\/de\/wp-json\/wp\/v2\/pages\/2158\/revisions\/2193"}],"wp:attachment":[{"href":"https:\/\/mitc-consulting.com\/de\/wp-json\/wp\/v2\/media?parent=2158"}],"curies":[{"name":"wp","href":"https:\/\/api.w.org\/{rel}","templated":true}]}}